{"id":133,"date":"2019-06-28T02:41:50","date_gmt":"2019-06-28T02:41:50","guid":{"rendered":"https:\/\/www.luthersem.edu\/faculty\/?page_id=133"},"modified":"2022-04-19T12:28:31","modified_gmt":"2022-04-19T12:28:31","slug":"ggrindal","status":"publish","type":"page","link":"https:\/\/www.luthersem.edu\/faculty\/ggrindal\/","title":{"rendered":"Gracia M. Grindal"},"content":{"rendered":"<h2>Education<\/h2>\n<div id=\"fac_home\">\n<div class=\"fac_home_text\">\n<ul class=\"degree_list\">\n<li>M.A. (Luther Seminary)<\/li>\n<li>M.F.A. (University of Arkansas)<\/li>\n<\/ul>\n<\/div>\n<\/div>\n<div class=\"clearer\"><\/div>\n<h2>Biography<\/h2>\n<p>Gracia Grindal joined the Luther Seminary faculty as associate professor of pastoral theology and ministry, communications in 1984. She was named professor of rhetoric in 1992. She came to the seminary from Luther College, Decorah, Iowa, where she was a member of the English department faculty from 1968 to 1984. In 2013 she officially retired, but continued teaching full time another year.<\/p>\n<p>Following an interest in the connection between theology, culture and hymnody, Grindal created the Reformation Festival, which grew from \u201cSongfest,\u201d a series of hymn festivals begun in 1992, and \u201cSinging the Faith,\u201d Reformation Day services focusing on Luther\u2019s Catechism.<\/p>\n<p>She has served on several boards: the Hymn Society board in the mid 1970s, the hymn text committee of the Lutheran Book of Worship (1978), as a consultant to the United Methodist Hymnal of 1989, the ecumenical committee of the American Lutheran Church (1984-1988) and the Evangelical Lutheran Church in America (1988-1992) as well as the Task Force for the Study of Ministry in the ELCA (1988-1993). She edited The Rose Magazine for six years. And was on the Mount Carmel Ministries Board for two terms.<\/p>\n<p>Grindal earned an undergraduate degree from Augsburg College, Minneapolis, in 1965 and a Master of Fine Arts (M.F.A.) from the University of Arkansas in 1969. In 1983 she earned a master\u2019s degree in theology and history from Luther Seminary.<\/p>\n<p>Her books include:\u00a0<em>A Treasury of Faith A B C Hymns on the Revised Common Lectionary<\/em>\u00a0(Wayne Leupold Editions, 2006, 2008, 2009), which is on the Gospel texts. In 2011 a new cycle of hymns in the same series on the Old Testament lectionary texts was published by Wayne Leupold Editions. In 2015 hymn texts on the Epistles texts in the lectionary were also published by Wayne Leupold Editions, and in 2018 her hymn texts on the Festivals and Saints Days concluded her collection of hymn texts on the Revised Common Lectionary. Her book on Scandinavian women hymn writers,\u00a0<em>Preaching From Home<\/em>,\u00a0was published by Eerdmans in its\u00a0Lutheran Quarterly\u00a0series in 2011. In 2012 her biography of<em>\u00a0Thea R\u00f8nning: Young Woman on a Mission<\/em>(Lutheran University Press) appeared. In 2014 her biography of\u00a0<em>Elisabeth Fedde: To Do God\u2019s Will The Story of the Norwegian American Lutheran Deaconess Movement\u00a0<\/em>the deaconess who founded the Brooklyn and Minneapolis deaconess hospitals was published (Lutheran University Press). Her book\u00a0<em>Unstoppable: Norwegian Pioneers Educate their Daughters<\/em>, appeared in 2016 (Lutheran University Press.) In 2007 Grindal provided a commentary on the original sketches by Linka Preus for the new translation of\u00a0<em>Linka\u2019s Diary<\/em>\u00a0(Kirk House Press, 2007.) Her other works include a book of poetry,\u00a0<em>A Revelry of Harvest<\/em>, (Writers Showcase Press, 2002),\u00a0<em>Hymns Of Grace\u00a0<\/em>(Sing The Faith Bible Study Series, 2002);\u00a0<em>We Are One in Christ<\/em>\u00a0(1997);\u00a0<em>Sketches Against the Dark\u00a0<\/em>(Blue Moon Press, 1982) and\u00a0<em>Pulpit Rock<\/em>\u00a0(Blue Moon Press, 1976).<\/p>\n<p>She has published many articles on hymnody and the writing of hymns and hymnwriters, especially the history of Scandinavian-American Lutheran hymnody. In 2011 her collection of Scandinavian hymns in English, <em>Hymns and Songs of the North: Nordic Christians Sing their Faith<\/em>, came out, which included some 150 Nordic hymns many of which were translated by her. In addition, her hymns and hymn translations are published in hymnals of several mainline churches, including Episcopalian, Lutheran, Mennonite, Methodist and Presbyterian.<\/p>\n<p>In her retirement she continues to write on the history of Norwegian Americans, and poetry . Her latest interests are sonnets on biblical themes. In 2018 she completed a series of sonnets from the point of view of Eve and Mary,\u00a0<em>The Sword of Eden<\/em> (2018) Wipf and Stock. In 2019, Hallgr\u00edmur church in Reykjavik published her translation of the fifty <i>Hymns of the Passion (P\u00e1ssius\u00e1lmar<\/i>)of Iceland\u2019s greatest hymn writer, Hallgr\u00edmur P\u00e9tursson (1614-1676). In 2021 Fortress published Jesus the Harmony, her collection of 366 sonnets on Jesus, a devotional collection of sonnets dwelling on events in the life of Jesus. At present she has finished a series of sonnets to complete the <em>Sword of Eden<\/em> sonnets: <em>Epistles to Eve<\/em>, her own reflections on how Eve had to learn the most basic things in order to live and flourish, skills we still need today. In addition, during the worst of the pandemic, Grindal wrote a daily hymnblog on appropriate hymns for the day. She continues that now in a weekly hymnblog which included festivals and saints days. <a href=\"http:\/\/Hymnfortheday.com\">Hymnfortheday.com\u00a0<\/a><\/p>\n","protected":false},"excerpt":{"rendered":"<p>Education M.A. (Luther Seminary) M.F.A. (University of Arkansas) Biography Gracia Grindal joined the Luther Seminary faculty as associate professor of pastoral theology and ministry, communications in 1984. She was named professor of rhetoric in 1992. She came to the seminary from Luther College, Decorah, Iowa, where she was a member of the English department faculty [&hellip;]<\/p>\n","protected":false},"author":2,"featured_media":695,"parent":0,"menu_order":0,"comment_status":"closed","ping_status":"closed","template":"templates\/template.faculty-member.php","meta":{"_acf_changed":false,"content-type":"","_genesis_hide_title":false,"_genesis_hide_breadcrumbs":false,"_genesis_hide_singular_image":false,"_genesis_hide_footer_widgets":false,"_genesis_custom_body_class":"","_genesis_custom_post_class":"","_genesis_layout":"","footnotes":""},"class_list":{"0":"post-133","1":"page","2":"type-page","3":"status-publish","4":"has-post-thumbnail","6":"entry"},"acf":[],"yoast_head":"<!-- This site is optimized with the Yoast SEO plugin v26.4 - https:\/\/yoast.com\/wordpress\/plugins\/seo\/ -->\n<title>Gracia M. Grindal - Luther Seminary<\/title>\n<meta name=\"robots\" content=\"index, follow, max-snippet:-1, max-image-preview:large, max-video-preview:-1\" \/>\n<link rel=\"canonical\" href=\"https:\/\/www.luthersem.edu\/faculty\/ggrindal\/\" \/>\n<meta property=\"og:locale\" content=\"en_US\" \/>\n<meta property=\"og:type\" content=\"article\" \/>\n<meta property=\"og:title\" content=\"Gracia M. Grindal - Luther Seminary\" \/>\n<meta property=\"og:description\" content=\"Education M.A. (Luther Seminary) M.F.A. (University of Arkansas) Biography Gracia Grindal joined the Luther Seminary faculty as associate professor of pastoral theology and ministry, communications in 1984. She was named professor of rhetoric in 1992. She came to the seminary from Luther College, Decorah, Iowa, where she was a member of the English department faculty [&hellip;]\" \/>\n<meta property=\"og:url\" content=\"https:\/\/www.luthersem.edu\/faculty\/ggrindal\/\" \/>\n<meta property=\"og:site_name\" content=\"Faculty\" \/>\n<meta property=\"article:modified_time\" content=\"2022-04-19T12:28:31+00:00\" \/>\n<meta property=\"og:image\" content=\"https:\/\/www.luthersem.edu\/faculty\/wp-content\/uploads\/sites\/9\/2019\/12\/grindal_gracia.jpg\" \/>\n\t<meta property=\"og:image:width\" content=\"220\" \/>\n\t<meta property=\"og:image:height\" content=\"240\" \/>\n\t<meta property=\"og:image:type\" content=\"image\/jpeg\" \/>\n<meta name=\"twitter:card\" content=\"summary_large_image\" \/>\n<meta name=\"twitter:label1\" content=\"Est. reading time\" \/>\n\t<meta name=\"twitter:data1\" content=\"4 minutes\" \/>\n<script type=\"application\/ld+json\" class=\"yoast-schema-graph\">{\"@context\":\"https:\/\/schema.org\",\"@graph\":[{\"@type\":\"WebPage\",\"@id\":\"https:\/\/www.luthersem.edu\/faculty\/ggrindal\/\",\"url\":\"https:\/\/www.luthersem.edu\/faculty\/ggrindal\/\",\"name\":\"Gracia M. Grindal - Luther Seminary\",\"isPartOf\":{\"@id\":\"https:\/\/www.luthersem.edu\/faculty\/#website\"},\"primaryImageOfPage\":{\"@id\":\"https:\/\/www.luthersem.edu\/faculty\/ggrindal\/#primaryimage\"},\"image\":{\"@id\":\"https:\/\/www.luthersem.edu\/faculty\/ggrindal\/#primaryimage\"},\"thumbnailUrl\":\"https:\/\/www.luthersem.edu\/faculty\/wp-content\/uploads\/sites\/9\/2019\/12\/grindal_gracia.jpg\",\"datePublished\":\"2019-06-28T02:41:50+00:00\",\"dateModified\":\"2022-04-19T12:28:31+00:00\",\"breadcrumb\":{\"@id\":\"https:\/\/www.luthersem.edu\/faculty\/ggrindal\/#breadcrumb\"},\"inLanguage\":\"en-US\",\"potentialAction\":[{\"@type\":\"ReadAction\",\"target\":[\"https:\/\/www.luthersem.edu\/faculty\/ggrindal\/\"]}]},{\"@type\":\"ImageObject\",\"inLanguage\":\"en-US\",\"@id\":\"https:\/\/www.luthersem.edu\/faculty\/ggrindal\/#primaryimage\",\"url\":\"https:\/\/www.luthersem.edu\/faculty\/wp-content\/uploads\/sites\/9\/2019\/12\/grindal_gracia.jpg\",\"contentUrl\":\"https:\/\/www.luthersem.edu\/faculty\/wp-content\/uploads\/sites\/9\/2019\/12\/grindal_gracia.jpg\",\"width\":220,\"height\":240,\"caption\":\"Gracia M. Grindal\"},{\"@type\":\"BreadcrumbList\",\"@id\":\"https:\/\/www.luthersem.edu\/faculty\/ggrindal\/#breadcrumb\",\"itemListElement\":[{\"@type\":\"ListItem\",\"position\":1,\"name\":\"Home\",\"item\":\"https:\/\/www.luthersem.edu\/faculty\/\"},{\"@type\":\"ListItem\",\"position\":2,\"name\":\"Gracia M. Grindal\"}]},{\"@type\":\"WebSite\",\"@id\":\"https:\/\/www.luthersem.edu\/faculty\/#website\",\"url\":\"https:\/\/www.luthersem.edu\/faculty\/\",\"name\":\"Faculty\",\"description\":\"Luther Seminary\",\"potentialAction\":[{\"@type\":\"SearchAction\",\"target\":{\"@type\":\"EntryPoint\",\"urlTemplate\":\"https:\/\/www.luthersem.edu\/faculty\/?s={search_term_string}\"},\"query-input\":{\"@type\":\"PropertyValueSpecification\",\"valueRequired\":true,\"valueName\":\"search_term_string\"}}],\"inLanguage\":\"en-US\"}]}<\/script>\n<!-- \/ Yoast SEO plugin. -->","yoast_head_json":{"title":"Gracia M. Grindal - Luther Seminary","robots":{"index":"index","follow":"follow","max-snippet":"max-snippet:-1","max-image-preview":"max-image-preview:large","max-video-preview":"max-video-preview:-1"},"canonical":"https:\/\/www.luthersem.edu\/faculty\/ggrindal\/","og_locale":"en_US","og_type":"article","og_title":"Gracia M. Grindal - Luther Seminary","og_description":"Education M.A. (Luther Seminary) M.F.A. (University of Arkansas) Biography Gracia Grindal joined the Luther Seminary faculty as associate professor of pastoral theology and ministry, communications in 1984. She was named professor of rhetoric in 1992. She came to the seminary from Luther College, Decorah, Iowa, where she was a member of the English department faculty [&hellip;]","og_url":"https:\/\/www.luthersem.edu\/faculty\/ggrindal\/","og_site_name":"Faculty","article_modified_time":"2022-04-19T12:28:31+00:00","og_image":[{"width":220,"height":240,"url":"https:\/\/www.luthersem.edu\/faculty\/wp-content\/uploads\/sites\/9\/2019\/12\/grindal_gracia.jpg","type":"image\/jpeg"}],"twitter_card":"summary_large_image","twitter_misc":{"Est. reading time":"4 minutes"},"schema":{"@context":"https:\/\/schema.org","@graph":[{"@type":"WebPage","@id":"https:\/\/www.luthersem.edu\/faculty\/ggrindal\/","url":"https:\/\/www.luthersem.edu\/faculty\/ggrindal\/","name":"Gracia M. Grindal - Luther Seminary","isPartOf":{"@id":"https:\/\/www.luthersem.edu\/faculty\/#website"},"primaryImageOfPage":{"@id":"https:\/\/www.luthersem.edu\/faculty\/ggrindal\/#primaryimage"},"image":{"@id":"https:\/\/www.luthersem.edu\/faculty\/ggrindal\/#primaryimage"},"thumbnailUrl":"https:\/\/www.luthersem.edu\/faculty\/wp-content\/uploads\/sites\/9\/2019\/12\/grindal_gracia.jpg","datePublished":"2019-06-28T02:41:50+00:00","dateModified":"2022-04-19T12:28:31+00:00","breadcrumb":{"@id":"https:\/\/www.luthersem.edu\/faculty\/ggrindal\/#breadcrumb"},"inLanguage":"en-US","potentialAction":[{"@type":"ReadAction","target":["https:\/\/www.luthersem.edu\/faculty\/ggrindal\/"]}]},{"@type":"ImageObject","inLanguage":"en-US","@id":"https:\/\/www.luthersem.edu\/faculty\/ggrindal\/#primaryimage","url":"https:\/\/www.luthersem.edu\/faculty\/wp-content\/uploads\/sites\/9\/2019\/12\/grindal_gracia.jpg","contentUrl":"https:\/\/www.luthersem.edu\/faculty\/wp-content\/uploads\/sites\/9\/2019\/12\/grindal_gracia.jpg","width":220,"height":240,"caption":"Gracia M. Grindal"},{"@type":"BreadcrumbList","@id":"https:\/\/www.luthersem.edu\/faculty\/ggrindal\/#breadcrumb","itemListElement":[{"@type":"ListItem","position":1,"name":"Home","item":"https:\/\/www.luthersem.edu\/faculty\/"},{"@type":"ListItem","position":2,"name":"Gracia M. Grindal"}]},{"@type":"WebSite","@id":"https:\/\/www.luthersem.edu\/faculty\/#website","url":"https:\/\/www.luthersem.edu\/faculty\/","name":"Faculty","description":"Luther Seminary","potentialAction":[{"@type":"SearchAction","target":{"@type":"EntryPoint","urlTemplate":"https:\/\/www.luthersem.edu\/faculty\/?s={search_term_string}"},"query-input":{"@type":"PropertyValueSpecification","valueRequired":true,"valueName":"search_term_string"}}],"inLanguage":"en-US"}]}},"_links":{"self":[{"href":"https:\/\/www.luthersem.edu\/faculty\/wp-json\/wp\/v2\/pages\/133","targetHints":{"allow":["GET"]}}],"collection":[{"href":"https:\/\/www.luthersem.edu\/faculty\/wp-json\/wp\/v2\/pages"}],"about":[{"href":"https:\/\/www.luthersem.edu\/faculty\/wp-json\/wp\/v2\/types\/page"}],"author":[{"embeddable":true,"href":"https:\/\/www.luthersem.edu\/faculty\/wp-json\/wp\/v2\/users\/2"}],"replies":[{"embeddable":true,"href":"https:\/\/www.luthersem.edu\/faculty\/wp-json\/wp\/v2\/comments?post=133"}],"version-history":[{"count":9,"href":"https:\/\/www.luthersem.edu\/faculty\/wp-json\/wp\/v2\/pages\/133\/revisions"}],"predecessor-version":[{"id":861,"href":"https:\/\/www.luthersem.edu\/faculty\/wp-json\/wp\/v2\/pages\/133\/revisions\/861"}],"wp:featuredmedia":[{"embeddable":true,"href":"https:\/\/www.luthersem.edu\/faculty\/wp-json\/wp\/v2\/media\/695"}],"wp:attachment":[{"href":"https:\/\/www.luthersem.edu\/faculty\/wp-json\/wp\/v2\/media?parent=133"}],"curies":[{"name":"wp","href":"https:\/\/api.w.org\/{rel}","templated":true}]}}